{"id":1163,"date":"2013-10-12T06:48:08","date_gmt":"2013-10-12T06:48:08","guid":{"rendered":"http:\/\/internetsolutions.lv\/?page_id=1163"},"modified":"2013-10-12T06:48:08","modified_gmt":"2013-10-12T06:48:08","slug":"musu-precu-zimes","status":"publish","type":"page","link":"https:\/\/internet-solutions.net\/lv\/musu-precu-zimes\/","title":{"rendered":"M\u016bsu pre\u010du z\u012bmes"},"content":{"rendered":"<h3>\u00a0<\/h3>\n<p><img loading=\"lazy\" decoding=\"async\" alt=\"\" src=\"http:\/\/internet-solutions.net\/wp-content\/themes\/87\/img\/logo87.png\" width=\"200\" height=\"90\" \/>Internet Solutions is a trademark owned by company Internet Solutions. Trademarks registered in the Lithuanian Republic Patent Bureau of 2012-06-15, registration number 65401 document link <a href=\"http:\/\/www.vpb.lt\/db\/rezult3.php?appnum=2011%201575\" target=\"_blank\">CLICK HERE.<\/a><\/p>\n<p>&nbsp;<\/p>\n<p><b><img loading=\"lazy\" decoding=\"async\" alt=\"\" src=\"http:\/\/starads.lt\/images\/starads.jpg\" width=\"222\" height=\"62\" \/> <\/b>&#8222;STARADS trademark owned by company Internet Solutions.<br \/>Trade mark registration in the application of the Republic of Lithuania Patent Bureau 2013-03-29, application number 2013 0480 document reference <a href=\"http:\/\/www.vpb.lt\/db\/rezult3.php?appnum=2013%200480\" target=\"_blank\">CLICK HERE.<\/a><\/p>\n","protected":false},"excerpt":{"rendered":"<p>\u00a0 Internet Solutions is a trademark owned by company Internet Solutions. Trademarks registered in the Lithuanian Republic Patent Bureau of 2012-06-15, registration number 65401 document link CLICK HERE. &nbsp; &#8222;STARADS trademark owned by company Internet Solutions.Trade mark registration in the application of the Republic of Lithuania Patent Bureau 2013-03-29, application number 2013 0480 document reference [&hellip;]<\/p>\n<div class=\"placiaukategorijos\"><a href=\"https:\/\/internet-solutions.net\/lv\/musu-precu-zimes\/\">Pla\u010diau...<\/a><\/div>","protected":false},"author":1,"featured_media":0,"parent":0,"menu_order":0,"comment_status":"open","ping_status":"open","template":"","meta":{"_acf_changed":false,"footnotes":""},"tags":[],"class_list":["post-1163","page","type-page","status-publish","hentry"],"acf":[],"_links":{"self":[{"href":"https:\/\/internet-solutions.net\/lv\/wp-json\/wp\/v2\/pages\/1163","targetHints":{"allow":["GET"]}}],"collection":[{"href":"https:\/\/internet-solutions.net\/lv\/wp-json\/wp\/v2\/pages"}],"about":[{"href":"https:\/\/internet-solutions.net\/lv\/wp-json\/wp\/v2\/types\/page"}],"author":[{"embeddable":true,"href":"https:\/\/internet-solutions.net\/lv\/wp-json\/wp\/v2\/users\/1"}],"replies":[{"embeddable":true,"href":"https:\/\/internet-solutions.net\/lv\/wp-json\/wp\/v2\/comments?post=1163"}],"version-history":[{"count":1,"href":"https:\/\/internet-solutions.net\/lv\/wp-json\/wp\/v2\/pages\/1163\/revisions"}],"predecessor-version":[{"id":1164,"href":"https:\/\/internet-solutions.net\/lv\/wp-json\/wp\/v2\/pages\/1163\/revisions\/1164"}],"wp:attachment":[{"href":"https:\/\/internet-solutions.net\/lv\/wp-json\/wp\/v2\/media?parent=1163"}],"wp:term":[{"taxonomy":"post_tag","embeddable":true,"href":"https:\/\/internet-solutions.net\/lv\/wp-json\/wp\/v2\/tags?post=1163"}],"curies":[{"name":"wp","href":"https:\/\/api.w.org\/{rel}","templated":true}]}}