{"id":15,"date":"2013-05-02T19:24:19","date_gmt":"2013-05-02T19:24:19","guid":{"rendered":"http:\/\/internetsolutions.lv\/?page_id=15"},"modified":"2016-09-07T09:09:37","modified_gmt":"2016-09-07T09:09:37","slug":"kontakti","status":"publish","type":"page","link":"https:\/\/internet-solutions.net\/lv\/kontakti\/","title":{"rendered":"Kontakti"},"content":{"rendered":"<h4><a href=\"http:\/\/www.internetsolutions.lv\/\" rel=\"external\">UAB &#8222;Internet Solutions&#8221;<\/a><\/h4>\n<p>Re\u0123. adrese: Tvenkini\u0173 g. 8A, \u0160aki\u0173 k., Kauno r. sav.,\u00a0<em>LT<\/em>&#8211;<em>47415 ,\u00a0<\/em>Lietuva<br \/>\nBiroja un korespondences adrese: Lyros iela. 5 \u2013 57, \u0160iauliai, LT-78287, Lietuva<br \/>\nRe\u0123istr\u0101cijas numurs: 302617697<br \/>\nPVN maks\u0101t\u0101ja numurs: LT100006088413<\/p>\n<hr \/>\n<p>&nbsp;<\/p>\n<ul>\n<li>Mob. telefons. +370 610 49600, +370 614 72244<\/li>\n<li>E-pasts: <a href=\"mailto:info@internet-solutions.net\" target=\"_blank\">info@internet-solutions.net <\/a><\/li>\n<\/ul>\n<p>&#8212;&#8212;&#8212;&#8212;&#8212;&#8212;&#8212;&#8212;&#8212;&#8212;&#8212;&#8212;&#8212;&#8212;&#8212;&#8212;&#8212;&#8212;&#8212;&#8212;&#8212;&#8212;-<\/p>\n<p><iframe loading=\"lazy\" src=\"https:\/\/maps.google.lt\/maps?f=q&amp;source=s_q&amp;hl=lt&amp;geocode=&amp;q=5+Lyros+gatv%C4%97,+%C5%A0iauliai,+%C5%A0iauli%C5%B3+apskritis&amp;aq=0&amp;oq=lyros5&amp;sll=55.1736,23.883296&amp;sspn=5.674483,13.392334&amp;ie=UTF8&amp;hq=&amp;hnear=Lyros+gatv%C4%97+5,+%C5%A0iauliai,+%C5%A0iauli%C5%B3+miesto+savivaldyb%C4%97+78287&amp;t=m&amp;z=14&amp;ll=55.913638,23.255623&amp;output=embed\" width=\"425\" height=\"350\" frameborder=\"0\" marginwidth=\"0\" marginheight=\"0\" scrolling=\"no\"><\/iframe><\/p>\n<p>[si-contact-form form=&#8217;1&#8242;]<\/p>\n","protected":false},"excerpt":{"rendered":"<p>UAB &#8222;Internet Solutions&#8221; Re\u0123. adrese: Tvenkini\u0173 g. 8A, \u0160aki\u0173 k., Kauno r. sav.,\u00a0LT&#8211;47415 ,\u00a0Lietuva Biroja un korespondences adrese: Lyros iela. 5 \u2013 57, \u0160iauliai, LT-78287, Lietuva Re\u0123istr\u0101cijas numurs: 302617697 PVN maks\u0101t\u0101ja numurs: LT100006088413 &nbsp; Mob. telefons. +370 610 49600, +370 614 72244 E-pasts: info@internet-solutions.net &#8212;&#8212;&#8212;&#8212;&#8212;&#8212;&#8212;&#8212;&#8212;&#8212;&#8212;&#8212;&#8212;&#8212;&#8212;&#8212;&#8212;&#8212;&#8212;&#8212;&#8212;&#8212;- [si-contact-form form=&#8217;1&#8242;]<\/p>\n<div class=\"placiaukategorijos\"><a href=\"https:\/\/internet-solutions.net\/lv\/kontakti\/\">Pla\u010diau...<\/a><\/div>","protected":false},"author":1,"featured_media":0,"parent":0,"menu_order":0,"comment_status":"open","ping_status":"open","template":"","meta":{"_acf_changed":false,"footnotes":""},"tags":[2452],"class_list":["post-15","page","type-page","status-publish","hentry","tag-kontakti"],"acf":[],"_links":{"self":[{"href":"https:\/\/internet-solutions.net\/lv\/wp-json\/wp\/v2\/pages\/15","targetHints":{"allow":["GET"]}}],"collection":[{"href":"https:\/\/internet-solutions.net\/lv\/wp-json\/wp\/v2\/pages"}],"about":[{"href":"https:\/\/internet-solutions.net\/lv\/wp-json\/wp\/v2\/types\/page"}],"author":[{"embeddable":true,"href":"https:\/\/internet-solutions.net\/lv\/wp-json\/wp\/v2\/users\/1"}],"replies":[{"embeddable":true,"href":"https:\/\/internet-solutions.net\/lv\/wp-json\/wp\/v2\/comments?post=15"}],"version-history":[{"count":31,"href":"https:\/\/internet-solutions.net\/lv\/wp-json\/wp\/v2\/pages\/15\/revisions"}],"predecessor-version":[{"id":1832,"href":"https:\/\/internet-solutions.net\/lv\/wp-json\/wp\/v2\/pages\/15\/revisions\/1832"}],"wp:attachment":[{"href":"https:\/\/internet-solutions.net\/lv\/wp-json\/wp\/v2\/media?parent=15"}],"wp:term":[{"taxonomy":"post_tag","embeddable":true,"href":"https:\/\/internet-solutions.net\/lv\/wp-json\/wp\/v2\/tags?post=15"}],"curies":[{"name":"wp","href":"https:\/\/api.w.org\/{rel}","templated":true}]}}