{"id":17,"date":"2013-05-02T19:54:28","date_gmt":"2013-05-02T19:54:28","guid":{"rendered":"http:\/\/internetsolutions.lv\/?page_id=17"},"modified":"2013-12-18T10:23:46","modified_gmt":"2013-12-18T10:23:46","slug":"timekla-lappuses-attistisana","status":"publish","type":"page","link":"https:\/\/internet-solutions.net\/lv\/timekla-lappuses-attistisana\/","title":{"rendered":"T\u012bmek\u013ca lappuses att\u012bst\u012b\u0161ana"},"content":{"rendered":"<p><strong>T\u012bmek\u013ca lappuses att\u012bst\u012b\u0161ana \u2013 0 EUR, samaksa tikai par t\u012bmek\u013ca lappuses uztur\u0113\u0161anu!<\/strong><\/p>\n<p>Bezmaksas t\u012bmek\u013ca lappuses att\u012bst\u012b\u0161anas pakalpojums tiek pied\u0101v\u0101ts tikai klientiem, kuri pas\u016bta uztur\u0113\u0161anu uz m\u016bsu servera.<\/p>\n<p><strong>Vai v\u0113laties, lai j\u016bs skata 24\/7 visa gada garum\u0101?<\/strong><\/p>\n<p>&nbsp;<\/p>\n<p>&nbsp;<\/p>\n<p><img loading=\"lazy\" decoding=\"async\" class=\"alignnone size-full wp-image-986\" alt=\"7-zingsniai-en\" src=\"http:\/\/internetsolutions.lv\/wp-content\/uploads\/2013\/05\/7-zingsniai-en.png\" width=\"463\" height=\"35\" srcset=\"https:\/\/internet-solutions.net\/lv\/wp-content\/uploads\/2013\/05\/7-zingsniai-en.png 660w, https:\/\/internet-solutions.net\/lv\/wp-content\/uploads\/2013\/05\/7-zingsniai-en-300x22.png 300w\" sizes=\"auto, (max-width: 463px) 100vw, 463px\" \/><\/p>\n<p><a href=\"http:\/\/internetsolutions.lv\/wp-content\/uploads\/2013\/05\/zingsniai-lv.png\"><img loading=\"lazy\" decoding=\"async\" class=\"alignnone size-full wp-image-1019\" alt=\"zingsniai-lv\" src=\"http:\/\/internetsolutions.lv\/wp-content\/uploads\/2013\/05\/zingsniai-lv.png\" width=\"338\" height=\"338\" srcset=\"https:\/\/internet-solutions.net\/lv\/wp-content\/uploads\/2013\/05\/zingsniai-lv.png 1000w, https:\/\/internet-solutions.net\/lv\/wp-content\/uploads\/2013\/05\/zingsniai-lv-300x300.png 300w\" sizes=\"auto, (max-width: 338px) 100vw, 338px\" \/><\/a><\/p>\n<p>&nbsp;<\/p>\n<p><strong><strong>M\u0113s pied\u0101v\u0101jam:<\/strong><\/strong><\/p>\n<ul>\n<li>T\u012bmek\u013ca vietnes att\u012bst\u012b\u0161anu ar CMS<\/li>\n<li>Interneta e-veikalu att\u012bst\u012b\u0161anu<\/li>\n<li>T\u012bmek\u013ca viet\u0146u att\u012bst\u012b\u0161anu HTML<\/li>\n<li>Uztur\u0113\u0161anu (m\u016bsu izveidotaj\u0101m t\u012bmek\u013ca vietn\u0113m)<\/li>\n<li>Interneta projektu p\u0101rvald\u012bbu (inform\u0101cijas atjaunin\u0101\u0161anu, uztur\u0113\u0161anu)<\/li>\n<li>Unik\u0101las joomla, wordpress un citas CMS veidnes.<\/li>\n<\/ul>\n<p>&nbsp;<\/p>\n<p>M\u016bsu m\u0113r\u0137is ir ieviest j\u016bsu redz\u0113jumu re\u0101laj\u0101 dz\u012bv\u0113!<\/p>\n<p>M\u016bsu uz\u0146\u0113mums pied\u0101v\u0101\u00a0<strong>bezmaksas t\u012bmek\u013ca viet\u0146u att\u012bst\u012b\u0161anas\u00a0<\/strong>pakalpojumus. M\u0113s varam izveidot vid\u0113ju t\u012bmek\u013ca vietni bez maksas un jums b\u016bs j\u0101maks\u0101 tikai par uztur\u0113\u0161anu. Visi tehnolo\u0123iskie risin\u0101jumi t\u012bmek\u013ca vietnes att\u012bst\u012b\u0161anai ir m\u016bsu darbs un tie\u0161i tas at\u0161\u0137ir m\u016bs no konkurentiem.<\/p>\n<p>&nbsp;<\/p>\n<p><strong><strong>Da\u017ei piem\u0113ri:<\/strong>:<\/strong><\/p>\n<p><a href=\"http:\/\/internetsolutions.lv\/category\/mini\/\" rel=\"\"><img loading=\"lazy\" decoding=\"async\" class=\"alignnone size-large wp-image-959\" title=\"nemokamos interneto svetain\u0117s\" alt=\"interneto svetaini\u0173 pavyzd\u017eiai\" src=\"http:\/\/internetsolutions.lv\/wp-content\/uploads\/2011\/04\/nemokamos-interneto-svetain\u0117s1-967x1024.jpg\" width=\"386\" height=\"408\" \/><\/a>[si-contact-form form=&#8217;1&#8242;]<\/p>\n","protected":false},"excerpt":{"rendered":"<p>T\u012bmek\u013ca lappuses att\u012bst\u012b\u0161ana \u2013 0 EUR, samaksa tikai par t\u012bmek\u013ca lappuses uztur\u0113\u0161anu! Bezmaksas t\u012bmek\u013ca lappuses att\u012bst\u012b\u0161anas pakalpojums tiek pied\u0101v\u0101ts tikai klientiem, kuri pas\u016bta uztur\u0113\u0161anu uz m\u016bsu servera. Vai v\u0113laties, lai j\u016bs skata 24\/7 visa gada garum\u0101? &nbsp; &nbsp; &nbsp; M\u0113s pied\u0101v\u0101jam: T\u012bmek\u013ca vietnes att\u012bst\u012b\u0161anu ar CMS Interneta e-veikalu att\u012bst\u012b\u0161anu T\u012bmek\u013ca viet\u0146u att\u012bst\u012b\u0161anu HTML Uztur\u0113\u0161anu (m\u016bsu [&hellip;]<\/p>\n<div class=\"placiaukategorijos\"><a href=\"https:\/\/internet-solutions.net\/lv\/timekla-lappuses-attistisana\/\">Pla\u010diau...<\/a><\/div>","protected":false},"author":1,"featured_media":0,"parent":0,"menu_order":0,"comment_status":"open","ping_status":"open","template":"portfolio.php","meta":{"_acf_changed":false,"footnotes":""},"tags":[2467],"class_list":["post-17","page","type-page","status-publish","hentry","tag-timekla-lappuses-attistisana"],"acf":[],"_links":{"self":[{"href":"https:\/\/internet-solutions.net\/lv\/wp-json\/wp\/v2\/pages\/17","targetHints":{"allow":["GET"]}}],"collection":[{"href":"https:\/\/internet-solutions.net\/lv\/wp-json\/wp\/v2\/pages"}],"about":[{"href":"https:\/\/internet-solutions.net\/lv\/wp-json\/wp\/v2\/types\/page"}],"author":[{"embeddable":true,"href":"https:\/\/internet-solutions.net\/lv\/wp-json\/wp\/v2\/users\/1"}],"replies":[{"embeddable":true,"href":"https:\/\/internet-solutions.net\/lv\/wp-json\/wp\/v2\/comments?post=17"}],"version-history":[{"count":19,"href":"https:\/\/internet-solutions.net\/lv\/wp-json\/wp\/v2\/pages\/17\/revisions"}],"predecessor-version":[{"id":1216,"href":"https:\/\/internet-solutions.net\/lv\/wp-json\/wp\/v2\/pages\/17\/revisions\/1216"}],"wp:attachment":[{"href":"https:\/\/internet-solutions.net\/lv\/wp-json\/wp\/v2\/media?parent=17"}],"wp:term":[{"taxonomy":"post_tag","embeddable":true,"href":"https:\/\/internet-solutions.net\/lv\/wp-json\/wp\/v2\/tags?post=17"}],"curies":[{"name":"wp","href":"https:\/\/api.w.org\/{rel}","templated":true}]}}