{"id":54,"date":"2013-05-02T21:57:28","date_gmt":"2013-05-02T21:57:28","guid":{"rendered":"http:\/\/internetsolutions.lv\/?page_id=54"},"modified":"2013-10-11T08:31:34","modified_gmt":"2013-10-11T08:31:34","slug":"attalinata-palidziba","status":"publish","type":"page","link":"https:\/\/internet-solutions.net\/lv\/attalinata-palidziba\/","title":{"rendered":"Att\u0101lin\u0101t\u0101 pal\u012bdz\u012bba"},"content":{"rendered":"<p><a href=\"http:\/\/internetsolutions.lt\/pagalba\/pagalba.exe\"><strong><strong><strong>Att\u0101lin\u0101t\u0101 pal\u012bdz\u012bba<\/strong><\/strong><\/strong><\/a><\/p>\n<p>&nbsp;<\/p>\n<p><img loading=\"lazy\" decoding=\"async\" class=\"alignnone size-full wp-image-969\" alt=\"remote assistance\" src=\"http:\/\/internetsolutions.lv\/wp-content\/uploads\/2013\/05\/remote-assistance.jpg\" width=\"455\" height=\"213\" srcset=\"https:\/\/internet-solutions.net\/lv\/wp-content\/uploads\/2013\/05\/remote-assistance.jpg 455w, https:\/\/internet-solutions.net\/lv\/wp-content\/uploads\/2013\/05\/remote-assistance-300x140.jpg 300w\" sizes=\"auto, (max-width: 455px) 100vw, 455px\" \/><\/p>\n<p>Pasakiet \u0161o kodu m\u016bsu speci\u0101listam \u2013 tas identific\u0113 j\u016bsu datora ID K\u0101 ar\u012b pasakiet paroli<\/p>\n<p><a href=\"http:\/\/internetsolutions.lv\/pagalba\/pagalba.exe\" target=\"_blank\"><img loading=\"lazy\" decoding=\"async\" class=\"alignnone size-full wp-image-338\" title=\"pagalba\" alt=\"\" src=\"http:\/\/internetsolutions.lv\/wp-content\/uploads\/2011\/04\/pagalba.jpg\" width=\"64\" height=\"64\" \/><\/a><\/p>\n","protected":false},"excerpt":{"rendered":"<p>Att\u0101lin\u0101t\u0101 pal\u012bdz\u012bba &nbsp; Pasakiet \u0161o kodu m\u016bsu speci\u0101listam \u2013 tas identific\u0113 j\u016bsu datora ID K\u0101 ar\u012b pasakiet paroli<\/p>\n<div class=\"placiaukategorijos\"><a href=\"https:\/\/internet-solutions.net\/lv\/attalinata-palidziba\/\">Pla\u010diau...<\/a><\/div>","protected":false},"author":1,"featured_media":0,"parent":0,"menu_order":0,"comment_status":"open","ping_status":"open","template":"","meta":{"_acf_changed":false,"footnotes":""},"tags":[2466],"class_list":["post-54","page","type-page","status-publish","hentry","tag-attalinata-palidziba"],"acf":[],"_links":{"self":[{"href":"https:\/\/internet-solutions.net\/lv\/wp-json\/wp\/v2\/pages\/54","targetHints":{"allow":["GET"]}}],"collection":[{"href":"https:\/\/internet-solutions.net\/lv\/wp-json\/wp\/v2\/pages"}],"about":[{"href":"https:\/\/internet-solutions.net\/lv\/wp-json\/wp\/v2\/types\/page"}],"author":[{"embeddable":true,"href":"https:\/\/internet-solutions.net\/lv\/wp-json\/wp\/v2\/users\/1"}],"replies":[{"embeddable":true,"href":"https:\/\/internet-solutions.net\/lv\/wp-json\/wp\/v2\/comments?post=54"}],"version-history":[{"count":14,"href":"https:\/\/internet-solutions.net\/lv\/wp-json\/wp\/v2\/pages\/54\/revisions"}],"predecessor-version":[{"id":56,"href":"https:\/\/internet-solutions.net\/lv\/wp-json\/wp\/v2\/pages\/54\/revisions\/56"}],"wp:attachment":[{"href":"https:\/\/internet-solutions.net\/lv\/wp-json\/wp\/v2\/media?parent=54"}],"wp:term":[{"taxonomy":"post_tag","embeddable":true,"href":"https:\/\/internet-solutions.net\/lv\/wp-json\/wp\/v2\/tags?post=54"}],"curies":[{"name":"wp","href":"https:\/\/api.w.org\/{rel}","templated":true}]}}