{"id":61,"date":"2013-05-02T22:05:03","date_gmt":"2013-05-02T22:05:03","guid":{"rendered":"http:\/\/internetsolutions.lv\/?page_id=61"},"modified":"2013-06-04T16:45:14","modified_gmt":"2013-06-04T16:45:14","slug":"seo-pakalpojumi","status":"publish","type":"page","link":"https:\/\/internet-solutions.net\/lv\/reklama-interneta\/seo-pakalpojumi\/","title":{"rendered":"SEO pakalpojumi"},"content":{"rendered":"<div id=\"papmenukont\">\n<div id=\"papmeniu\"><a title=\"SEO iesp\u0113ju anal\u012bze\" href=\"http:\/\/internetsolutions.lv\/reklama-interneta\/seo-iespeju-analize\/\">SEO iesp\u0113ju anal\u012bze<\/a><\/div>\n<div id=\"papmeniu\"><a title=\"Iek\u0161\u0113jais SEO\" href=\"http:\/\/internetsolutions.lv\/reklama-interneta\/internal-seo\/\">Iek\u0161\u0113jais SEO<\/a><\/div>\n<div id=\"papmeniu\"><a title=\"\u0100r\u0113jais SEO\" href=\"http:\/\/internetsolutions.lv\/reklama-interneta\/arejais-seo\/\">\u0100r\u0113jais SEO<\/a><\/div>\n<div id=\"papmeniu\"><a title=\"SEO cenas\" href=\"http:\/\/internetsolutions.lv\/reklama-interneta\/seo-cenas\/\">SEO cenas<\/a><\/div>\n<div id=\"papmeniu\"><a title=\"SEM pakalpojumi\" href=\"http:\/\/internetsolutions.lv\/reklama-interneta\/sem-pakalpojumi\/\">SEM pakalpojumi<\/a><\/div>\n<\/div>\n<p>&nbsp;<\/p>\n<p><strong><\/strong><strong>SEO<\/strong>\u00a0(mekl\u0113t\u0101jprogrammu optimiz\u0101cija) \u2013 process, kura m\u0113r\u0137is ir paaugstin\u0101t j\u016bsu t\u012bmek\u013ca vietnes apmekl\u0113t\u0101ju skaitu un \u013cautu novietot t\u0101s augst\u0101k mekl\u0113t\u0101jprogrammu lappus\u0113s p\u0113c galvenajiem atsl\u0113gas v\u0101rdiem un satura.<\/p>\n<p>&nbsp;<\/p>\n<p><strong> <\/strong> <strong><\/strong><strong>SEO\u00a0<\/strong><strong>galvenais uzdevums ir pievilin\u0101t t\u0101dus apmekl\u0113t\u0101jus, kuri ir uzskat\u0101mi par potenci\u0101lajiem klientiem. M\u0113s pal\u012bdzam sasniegt da\u017e\u0101dus t\u012bmek\u013ca viet\u0146u m\u0113r\u0137us, piem\u0113ram:<\/strong><\/p>\n<ul>\n<li>\u00a0Palielin\u0101t apmekl\u0113t\u0101ju skaitu;<\/li>\n<li>Veicin\u0101t p\u0101rdo\u0161anu;<\/li>\n<li>Reklam\u0113t pakalpojumus vai z\u012bmolu.<\/li>\n<\/ul>\n<p>Pakalpojums tiek piem\u0113rots katram klientam individu\u0101li.<\/p>\n<p><strong><strong>K\u0101d\u0113\u013c jums ir vajadz\u012bgs SEO?<\/strong><\/strong><\/p>\n<p>&nbsp;<\/p>\n<ul>\n<li>Vair\u0101k nek\u0101 80% interneta lietot\u0101ju atrod vajadz\u012bg\u0101s t\u012bmek\u013ca vietnes izmantojot mekl\u0113t\u0101jprogrammas.<\/li>\n<li>90% interneta lietot\u0101ju nep\u0101rbauda vair\u0101k k\u0101 pirmos 30 mekl\u0113\u0161anas rezult\u0101tus un neveiksm\u012bga mekl\u0113juma gad\u012bjum\u0101 dod priek\u0161roku citas fr\u0101zes ievad\u012b\u0161anai.<\/li>\n<li>75% interneta lietot\u0101ju ir skaidrs nol\u016bks ieg\u0101d\u0101ties preci vai pakalpojumu, ko vi\u0146i mekl\u0113 ar mekl\u0113t\u0101jprogrammu pal\u012bdz\u012bbu.<\/li>\n<li>Profesion\u0101li SEO pakalpojumi ir divas reizes efekt\u012bv\u0101ki, nek\u0101 jebkuri citi e-m\u0101rketinga instrumenti.<\/li>\n<\/ul>\n<p>&nbsp;<\/p>\n<p><strong><strong>SEO rezult\u0101ti<\/strong><\/strong><\/p>\n<p>&nbsp;<\/p>\n<ul>\n<li>SEO rezult\u0101ti ir redzami p\u0113c m\u0113ne\u0161a, ta\u010du var paiet ar\u012b ilg\u0101ks laiks (atkar\u012bb\u0101 no konkurences noteiktaj\u0101 tirg\u016b).<\/li>\n<li>Gaidot SEO rezult\u0101tus, j\u016bs varat izmantot Google Adwords sist\u0113mu, lai savai m\u0101jas lapai piesaist\u012btu vair\u0101k apmekl\u0113t\u0101ju.<\/li>\n<\/ul>\n","protected":false},"excerpt":{"rendered":"<p>SEO iesp\u0113ju anal\u012bze Iek\u0161\u0113jais SEO \u0100r\u0113jais SEO SEO cenas SEM pakalpojumi &nbsp; SEO\u00a0(mekl\u0113t\u0101jprogrammu optimiz\u0101cija) \u2013 process, kura m\u0113r\u0137is ir paaugstin\u0101t j\u016bsu t\u012bmek\u013ca vietnes apmekl\u0113t\u0101ju skaitu un \u013cautu novietot t\u0101s augst\u0101k mekl\u0113t\u0101jprogrammu lappus\u0113s p\u0113c galvenajiem atsl\u0113gas v\u0101rdiem un satura. &nbsp; SEO\u00a0galvenais uzdevums ir pievilin\u0101t t\u0101dus apmekl\u0113t\u0101jus, kuri ir uzskat\u0101mi par potenci\u0101lajiem klientiem. M\u0113s pal\u012bdzam sasniegt da\u017e\u0101dus [&hellip;]<\/p>\n<div class=\"placiaukategorijos\"><a href=\"https:\/\/internet-solutions.net\/lv\/reklama-interneta\/seo-pakalpojumi\/\">Pla\u010diau...<\/a><\/div>","protected":false},"author":1,"featured_media":0,"parent":59,"menu_order":0,"comment_status":"open","ping_status":"open","template":"","meta":{"_acf_changed":false,"footnotes":""},"tags":[2465],"class_list":["post-61","page","type-page","status-publish","hentry","tag-seo-pakalpojumi"],"acf":[],"_links":{"self":[{"href":"https:\/\/internet-solutions.net\/lv\/wp-json\/wp\/v2\/pages\/61","targetHints":{"allow":["GET"]}}],"collection":[{"href":"https:\/\/internet-solutions.net\/lv\/wp-json\/wp\/v2\/pages"}],"about":[{"href":"https:\/\/internet-solutions.net\/lv\/wp-json\/wp\/v2\/types\/page"}],"author":[{"embeddable":true,"href":"https:\/\/internet-solutions.net\/lv\/wp-json\/wp\/v2\/users\/1"}],"replies":[{"embeddable":true,"href":"https:\/\/internet-solutions.net\/lv\/wp-json\/wp\/v2\/comments?post=61"}],"version-history":[{"count":17,"href":"https:\/\/internet-solutions.net\/lv\/wp-json\/wp\/v2\/pages\/61\/revisions"}],"predecessor-version":[{"id":765,"href":"https:\/\/internet-solutions.net\/lv\/wp-json\/wp\/v2\/pages\/61\/revisions\/765"}],"up":[{"embeddable":true,"href":"https:\/\/internet-solutions.net\/lv\/wp-json\/wp\/v2\/pages\/59"}],"wp:attachment":[{"href":"https:\/\/internet-solutions.net\/lv\/wp-json\/wp\/v2\/media?parent=61"}],"wp:term":[{"taxonomy":"post_tag","embeddable":true,"href":"https:\/\/internet-solutions.net\/lv\/wp-json\/wp\/v2\/tags?post=61"}],"curies":[{"name":"wp","href":"https:\/\/api.w.org\/{rel}","templated":true}]}}