{"id":63,"date":"2013-05-02T22:26:07","date_gmt":"2013-05-02T22:26:07","guid":{"rendered":"http:\/\/internetsolutions.lv\/?page_id=63"},"modified":"2013-06-02T19:16:56","modified_gmt":"2013-06-02T19:16:56","slug":"karjera","status":"publish","type":"page","link":"https:\/\/internet-solutions.net\/lv\/karjera\/","title":{"rendered":"Karjera"},"content":{"rendered":"<p>M\u0113s mekl\u0113jam iniciat\u012bvas pilnus, atbild\u012bgus un patst\u0101v\u012bgus cilv\u0113kus, kuri v\u0113l\u0113tos pievienoties m\u016bsu nelielajam, bet draudz\u012bgajam kolekt\u012bvam.<\/p>\n<p>M\u0113s nov\u0113rt\u0113jam savus darbiniekus un nodro\u0161in\u0101m lieliskus darba apst\u0101k\u013cus, karjeras izaugsmes iesp\u0113jas un labu atalgojumu. \u00a0\u00a0<\/p>\n<p>\u0160obr\u012bd m\u0113s mekl\u0113jam:<\/p>\n<p><strong>Biznesa klientu mened\u017eeri Latvij\u0101 (biznesa klientu mekl\u0113\u0161ana Latvij\u0101)<\/strong><\/p>\n<p><strong>KLIENTU MENED\u017dERI<\/strong><\/p>\n<h3>\u00a0<\/h3>\n<p>Darba pien\u0101kumi:<\/p>\n<p>&nbsp;<\/p>\n<ul>\n<li>\u00a0\u00a0\u00a0 Sadarb\u012bbas ar uz\u0146\u0113muma eso\u0161ajiem klientiem uztur\u0113\u0161ana;<\/li>\n<li>\u00a0\u00a0\u00a0 Jaunu klientu piesaist\u012b\u0161ana, izmantojot telefonsakarus, e pastus un tie\u0161as tik\u0161an\u0101s;<\/li>\n<li>\u00a0\u00a0\u00a0 Izvirz\u012bto p\u0101rdo\u0161anas m\u0113r\u0137u sasnieg\u0161anas nodro\u0161in\u0101\u0161ana;<\/li>\n<li>\u00a0\u00a0\u00a0 Uz\u0146emuma izstr\u0101d\u0101t\u0101s tirdzniec\u012bbas platformas uztur\u0113\u0161ana un att\u012bst\u012bba;<\/li>\n<li>\u00a0\u00a0\u00a0 Uz\u0146\u0113muma pozit\u012bva t\u0113la veido\u0161ana un uztur\u0113\u0161ana;<\/li>\n<li>\u00a0\u00a0\u00a0 Tirgus izp\u0113tes veik\u0161ana un anal\u012bze;<\/li>\n<li>\u00a0\u00a0\u00a0 Prezent\u0101ciju veik\u0161ana;<\/li>\n<li>\u00a0\u00a0\u00a0 L\u012bgumu sagatavo\u0161ana un nosl\u0113g\u0161ana;<\/li>\n<\/ul>\n<p>&nbsp;<\/p>\n<p>Pras\u012bbas pretendentiem:<\/p>\n<p>&nbsp;<\/p>\n<ul>\n<li>\u00a0\u00a0\u00a0 Vismaz 1 gadu pieredze tirdzniec\u012bb\u0101 un m\u0101rketinga jom\u0101;<\/li>\n<li>\u00a0\u00a0\u00a0 Augst\u0101k\u0101 izgl\u012bt\u012bba (var b\u016bt p\u0113d\u0113jo kursu students\/-e);<\/li>\n<li>\u00a0\u00a0\u00a0 V\u0113lama pieredze IT;<\/li>\n<li>\u00a0\u00a0\u00a0 Labas latvie\u0161u, krievu un ang\u013cu valodas zin\u0101\u0161anas;<\/li>\n<li>\u00a0\u00a0\u00a0 Labas komunik\u0101cijas sp\u0113jas, neatlaid\u012bba un augsta atbild\u012bbas saj\u016bta.<\/li>\n<li>\u00a0\u00a0\u00a0 Anal\u012btisk\u0101 un inovat\u012bva dom\u0101\u0161ana, m\u0113r\u0137tiec\u012bgums;<\/li>\n<li>\u00a0\u00a0\u00a0 Iniciat\u012bva un ener\u0123iskums darba situ\u0101ciju risin\u0101\u0161an\u0101;<\/li>\n<li>\u00a0\u00a0\u00a0 Patst\u0101v\u012bgums un orient\u0101cija uz rezult\u0101tu;<\/li>\n<li>\u00a0\u00a0\u00a0 B kategorijas transportl\u012bdzek\u013ca vad\u012bt\u0101ja apliec\u012bba.<\/li>\n<\/ul>\n<p>&nbsp;<\/p>\n<p>Uz\u0146\u0113mums pied\u0101v\u0101:<\/p>\n<p>&nbsp;<\/p>\n<ul>\n<li>\u00a0\u00a0\u00a0 darbu stabil\u0101 un dinamisk\u0101 uz\u0146\u0113mum\u0101;<\/li>\n<li>\u00a0\u00a0\u00a0 interesantu un dinamisku darbu starptautisk\u0101 vid\u0113;<\/li>\n<li>\u00a0\u00a0\u00a0 m\u016bsdien\u012bgus darba apst\u0101k\u013cus;<\/li>\n<li>\u00a0\u00a0\u00a0 kompetentu un draudz\u012bgu komandu;<\/li>\n<li>\u00a0\u00a0\u00a0 iesp\u0113ju veidot karjeru, apliecinot to ar sav\u0101m darba sp\u0113j\u0101m;<\/li>\n<li>\u00a0\u00a0\u00a0 soci\u0101l\u0101s garantijas un motiv\u0113jo\u0161a atalgojuma pakete.<\/li>\n<\/ul>\n<p>&nbsp;<\/p>\n<p>L\u016bdzu, nos\u016btiet savu CV un motiv\u0101cijas v\u0113stuli uz: info@internetsolutions.lv.<\/p>\n<p>M\u0113s garant\u0113jam inform\u0101cijas konfidencialit\u0101ti.<\/p>\n<p>Vai jums ir k\u0101di jaut\u0101jumi?<\/p>\n","protected":false},"excerpt":{"rendered":"<p>M\u0113s mekl\u0113jam iniciat\u012bvas pilnus, atbild\u012bgus un patst\u0101v\u012bgus cilv\u0113kus, kuri v\u0113l\u0113tos pievienoties m\u016bsu nelielajam, bet draudz\u012bgajam kolekt\u012bvam. M\u0113s nov\u0113rt\u0113jam savus darbiniekus un nodro\u0161in\u0101m lieliskus darba apst\u0101k\u013cus, karjeras izaugsmes iesp\u0113jas un labu atalgojumu. \u00a0\u00a0 \u0160obr\u012bd m\u0113s mekl\u0113jam: Biznesa klientu mened\u017eeri Latvij\u0101 (biznesa klientu mekl\u0113\u0161ana Latvij\u0101) KLIENTU MENED\u017dERI \u00a0 Darba pien\u0101kumi: &nbsp; \u00a0\u00a0\u00a0 Sadarb\u012bbas ar uz\u0146\u0113muma eso\u0161ajiem klientiem [&hellip;]<\/p>\n<div class=\"placiaukategorijos\"><a href=\"https:\/\/internet-solutions.net\/lv\/karjera\/\">Pla\u010diau...<\/a><\/div>","protected":false},"author":1,"featured_media":0,"parent":0,"menu_order":0,"comment_status":"open","ping_status":"open","template":"","meta":{"_acf_changed":false,"footnotes":""},"tags":[1822],"class_list":["post-63","page","type-page","status-publish","hentry","tag-karjera"],"acf":[],"_links":{"self":[{"href":"https:\/\/internet-solutions.net\/lv\/wp-json\/wp\/v2\/pages\/63","targetHints":{"allow":["GET"]}}],"collection":[{"href":"https:\/\/internet-solutions.net\/lv\/wp-json\/wp\/v2\/pages"}],"about":[{"href":"https:\/\/internet-solutions.net\/lv\/wp-json\/wp\/v2\/types\/page"}],"author":[{"embeddable":true,"href":"https:\/\/internet-solutions.net\/lv\/wp-json\/wp\/v2\/users\/1"}],"replies":[{"embeddable":true,"href":"https:\/\/internet-solutions.net\/lv\/wp-json\/wp\/v2\/comments?post=63"}],"version-history":[{"count":9,"href":"https:\/\/internet-solutions.net\/lv\/wp-json\/wp\/v2\/pages\/63\/revisions"}],"predecessor-version":[{"id":1002,"href":"https:\/\/internet-solutions.net\/lv\/wp-json\/wp\/v2\/pages\/63\/revisions\/1002"}],"wp:attachment":[{"href":"https:\/\/internet-solutions.net\/lv\/wp-json\/wp\/v2\/media?parent=63"}],"wp:term":[{"taxonomy":"post_tag","embeddable":true,"href":"https:\/\/internet-solutions.net\/lv\/wp-json\/wp\/v2\/tags?post=63"}],"curies":[{"name":"wp","href":"https:\/\/api.w.org\/{rel}","templated":true}]}}