{"id":65,"date":"2013-05-02T22:29:11","date_gmt":"2013-05-02T22:29:11","guid":{"rendered":"http:\/\/internetsolutions.lv\/?page_id=65"},"modified":"2013-06-04T16:08:32","modified_gmt":"2013-06-04T16:08:32","slug":"e-marketings","status":"publish","type":"page","link":"https:\/\/internet-solutions.net\/lv\/e-marketings\/","title":{"rendered":"E-m\u0101rketings"},"content":{"rendered":"<div id=\"papmenukont\">\n<div id=\"papmeniu\"><a title=\"Apk\u0101rtraksti piem\u0113ri\" href=\"http:\/\/internetsolutions.lv\/e-marketings\/apkartraksti-piemeri\/\">Apk\u0101rtraksti piem\u0113ri<br \/><\/a><\/div>\n<\/div>\n<p>&nbsp;<\/p>\n<p>E-pasta m\u0101rketings ir k\u013cuvis par vienu no popul\u0101r\u0101kaj\u0101m fr\u0101z\u0113m p\u0113d\u0113jo gadu laik\u0101 liel\u0101koties t\u0101p\u0113c, ka \u0161is m\u0101rketinga instruments k\u013c\u016bst aizvien noz\u012bm\u012bg\u0101ks visp\u0101r\u0113j\u0101 interneta m\u0101rketinga instrument\u0101. Ja j\u016bs praktiz\u0113jat akt\u012bvu m\u0101rketingu internet\u0101, ta\u010du neizmantojat apk\u0101rtrakstu tehnikas, \u0161is izstr\u0101d\u0101jums pal\u012bdz\u0113s jums sapl\u0101not, nov\u0113rt\u0113t un piem\u0113rot to praks\u0113.<\/p>\n<h3 class=\"purple\">Kas sa\u0146ems j\u016bsu e-pastus?<\/h3>\n<p>T\u0101 k\u0101 e-pastu m\u0101rketings nav surog\u0101tpasta izplat\u012b\u0161ana, j\u016bsu e-pasta sa\u0146\u0113m\u0113jiem ir j\u0101atbilst vienai no \u0161\u012bm grup\u0101m:<\/p>\n<ul>\n<li>J\u016bsu abonenti;<\/li>\n<li>Potenci\u0101lie klienti, kuri vismaz vienu reizi ir izr\u0101d\u012bju\u0161i interesi par j\u016bsu prec\u0113m un pakalpojumiem (ne oblig\u0101ti internet\u0101);<\/li>\n<li>J\u016bsu pa\u0161reiz\u0113jie klienti.<\/li>\n<\/ul>\n<h3 class=\"purple\">K\u0101di ir apk\u0101rtrakstu tipi?<\/h3>\n<p><strong><em><\/em><\/strong>V\u0113stules par produktiem \u2013 v\u0113stules, kuras reklam\u0113 noteiktu produktu p\u0101rdo\u0161anu. T\u0101m ir j\u0101ietver produktu fotogr\u0101fijas un cenas, skatienu piesaisto\u0161as pogas, kuras aicina pirkt vai vienk\u0101r\u0161i uzzin\u0101t par prec\u0113m vair\u0101k. \u0160\u0101da veida v\u0113stu\u013cu dizainam ir iz\u0161\u0137iro\u0161a noz\u012bme.\u00a0<\/p>\n<p>&nbsp;<\/p>\n<h3 class=\"green\"><a href=\"http:\/\/internetsolutions.lv\/e-marketings\/apkartraksti-piemeri\/\" data-cke-saved-href=\"http:\/\/internetsolutions.lv\/e-marketings\/apkartraksti-piemeri\/\"><strong>Da\u017ei piem\u0113ri:<\/strong><\/a><\/h3>\n","protected":false},"excerpt":{"rendered":"<p>Apk\u0101rtraksti piem\u0113ri &nbsp; E-pasta m\u0101rketings ir k\u013cuvis par vienu no popul\u0101r\u0101kaj\u0101m fr\u0101z\u0113m p\u0113d\u0113jo gadu laik\u0101 liel\u0101koties t\u0101p\u0113c, ka \u0161is m\u0101rketinga instruments k\u013c\u016bst aizvien noz\u012bm\u012bg\u0101ks visp\u0101r\u0113j\u0101 interneta m\u0101rketinga instrument\u0101. Ja j\u016bs praktiz\u0113jat akt\u012bvu m\u0101rketingu internet\u0101, ta\u010du neizmantojat apk\u0101rtrakstu tehnikas, \u0161is izstr\u0101d\u0101jums pal\u012bdz\u0113s jums sapl\u0101not, nov\u0113rt\u0113t un piem\u0113rot to praks\u0113. Kas sa\u0146ems j\u016bsu e-pastus? T\u0101 k\u0101 e-pastu [&hellip;]<\/p>\n<div class=\"placiaukategorijos\"><a href=\"https:\/\/internet-solutions.net\/lv\/e-marketings\/\">Pla\u010diau...<\/a><\/div>","protected":false},"author":1,"featured_media":0,"parent":0,"menu_order":0,"comment_status":"open","ping_status":"open","template":"","meta":{"_acf_changed":false,"footnotes":""},"tags":[2453],"class_list":["post-65","page","type-page","status-publish","hentry","tag-e-marketings"],"acf":[],"_links":{"self":[{"href":"https:\/\/internet-solutions.net\/lv\/wp-json\/wp\/v2\/pages\/65","targetHints":{"allow":["GET"]}}],"collection":[{"href":"https:\/\/internet-solutions.net\/lv\/wp-json\/wp\/v2\/pages"}],"about":[{"href":"https:\/\/internet-solutions.net\/lv\/wp-json\/wp\/v2\/types\/page"}],"author":[{"embeddable":true,"href":"https:\/\/internet-solutions.net\/lv\/wp-json\/wp\/v2\/users\/1"}],"replies":[{"embeddable":true,"href":"https:\/\/internet-solutions.net\/lv\/wp-json\/wp\/v2\/comments?post=65"}],"version-history":[{"count":19,"href":"https:\/\/internet-solutions.net\/lv\/wp-json\/wp\/v2\/pages\/65\/revisions"}],"predecessor-version":[{"id":1007,"href":"https:\/\/internet-solutions.net\/lv\/wp-json\/wp\/v2\/pages\/65\/revisions\/1007"}],"wp:attachment":[{"href":"https:\/\/internet-solutions.net\/lv\/wp-json\/wp\/v2\/media?parent=65"}],"wp:term":[{"taxonomy":"post_tag","embeddable":true,"href":"https:\/\/internet-solutions.net\/lv\/wp-json\/wp\/v2\/tags?post=65"}],"curies":[{"name":"wp","href":"https:\/\/api.w.org\/{rel}","templated":true}]}}