{"id":686,"date":"2013-05-06T19:32:28","date_gmt":"2013-05-06T19:32:28","guid":{"rendered":"http:\/\/internetsolutions.lv\/?page_id=686"},"modified":"2013-06-04T16:46:02","modified_gmt":"2013-06-04T16:46:02","slug":"internal-seo","status":"publish","type":"page","link":"https:\/\/internet-solutions.net\/lv\/reklama-interneta\/internal-seo\/","title":{"rendered":"Iek\u0161\u0113jais SEO"},"content":{"rendered":"<div id=\"papmenukont\">\n<div id=\"papmeniu\"><a title=\"SEO iesp\u0113ju anal\u012bze\" href=\"http:\/\/internetsolutions.lv\/reklama-interneta\/seo-iespeju-analize\/\">SEO iesp\u0113ju anal\u012bze<\/a><\/div>\n<div id=\"papmeniu\"><a title=\"Iek\u0161\u0113jais SEO\" href=\"http:\/\/internetsolutions.lv\/reklama-interneta\/internal-seo\/\">Iek\u0161\u0113jais SEO<\/a><\/div>\n<div id=\"papmeniu\"><a title=\"\u0100r\u0113jais SEO\" href=\"http:\/\/internetsolutions.lv\/reklama-interneta\/arejais-seo\/\">\u0100r\u0113jais SEO<\/a><\/div>\n<div id=\"papmeniu\"><a title=\"SEO cenas\" href=\"http:\/\/internetsolutions.lv\/reklama-interneta\/seo-cenas\/\">SEO cenas<\/a><\/div>\n<div id=\"papmeniu\"><a title=\"SEM pakalpojumi\" href=\"http:\/\/internetsolutions.lv\/reklama-interneta\/sem-pakalpojumi\/\">SEM pakalpojumi<\/a><\/div>\n<\/div>\n<p>&nbsp;<\/p>\n<p>Mekl\u0113t\u0101jprogramm\u0101m ir noteiktas pras\u012bbas attiec\u012bb\u0101 uz t\u012bmek\u013ca vietn\u0113m, lai ieg\u016btu augst\u0101kus reitingus, kad ir iesaist\u012bts SEO. \u0160ie faktori visu laiku main\u0101s, t\u0101d\u0113\u013c ir svar\u012bgi sekot l\u012bdzi \u0161\u012bm pras\u012bb\u0101m.<\/p>\n<p>M\u016bsu SEO speci\u0101listi past\u0101v\u012bgi nov\u0113ro vismaz 40 da\u017e\u0101dus inform\u0101cijas port\u0101lus attiec\u012bb\u0101 uz \u0161o probl\u0113mu, t\u0101d\u0113\u013c mums ir jaun\u0101k\u0101s zi\u0146as par mekl\u0113t\u0101jprogrammu optimiz\u0101ciju, ko m\u0113s varam izmantot, piem\u0113rojot vienu vai otru risin\u0101jumu j\u016bsu biznesam. Iek\u0161\u0113j\u0101 lapas optimiz\u0101cija ir sadal\u0101ma vair\u0101k\u0101s da\u013c\u0101s:<\/p>\n<p>&nbsp;<\/p>\n<ul>\n<li><strong>Tehnisk\u0101 lapas optimiz\u0101cija <\/strong>M\u016bsu speci\u0101lists analiz\u0113s j\u016bsu t\u012bmek\u013ca lappuses vai e-veikala programmas kodu, k\u0101 ar\u012b citus tehniskos segmentus un ieteiks, kas jums b\u016btu j\u0101izdara, lai j\u016bsu t\u012bmek\u013ca lappuse b\u016btu mekl\u0113t\u0101jprogrammai draudz\u012bga.<\/li>\n<li><strong>Meta datu optimiz\u0101cija<\/strong>\u00a0 M\u0113s jums sniegsim rekomend\u0101cijas vai pa\u0161i veiksim meta datu optimiz\u0101ciju j\u016bsu t\u012bmek\u013ca lappusei. Meta dati ir b\u016btiski mekl\u0113t\u0101jprogramm\u0101m, lai \u0161\u012bs sist\u0113mas sp\u0113tu interpret\u0113t j\u016bsu t\u012bmek\u013ca lappuses saturu maksim\u0101li prec\u012bzi un efekt\u012bvi.<\/li>\n<li><strong>Strukt\u016bras optimiz\u0101cija<\/strong> T\u012bmek\u013ca lappuses strukt\u016brai ir j\u0101atbilst SEO teorijas pras\u012bb\u0101m. Da\u017e\u0101diem projektiem un biznesa mode\u013ciem ir nepiecie\u0161ama at\u0161\u0137ir\u012bga t\u012bmek\u013ca lappuses strukt\u016bra. M\u016bsu speci\u0101listi ieteiks jums lab\u0101ko t\u012bmek\u013ca lappuses modeli.<\/li>\n<li><strong>Satura optimiz\u0101cija<\/strong>\u00a0 Optimiz\u0113jot t\u012bmek\u013ca lappuses saturu, m\u0113s varam pan\u0101kt \u013coti augstu atsl\u0113gas v\u0101rdu lietojuma efektivit\u0101tes l\u012bmeni. Turkl\u0101t, att\u012bstot t\u012bmek\u013ca lappusi, m\u0113s paturam pr\u0101t\u0101 SEO un \u201eautorties\u012bbu\u201d tiesiskos jaut\u0101jumus, kas pal\u012bdz mums izveidot v\u0113l efekt\u012bv\u0101ku t\u012bmek\u013ca lappusi.<\/li>\n<li><strong>Citi optimiz\u0101cijas uzdevumi:<\/strong> Ir ar\u012b daudz citu uzdevumu un lietu, kuras iek\u0161\u0113ji b\u016btu j\u0101veic ar t\u012bmek\u013ca lappusi, lai t\u0101 mekl\u0113t\u0101jprogramm\u0101m b\u016btu lab\u0101k paman\u0101ma.<\/li>\n<li><strong>Atskaites<\/strong> Visi materi\u0101li, kas saist\u012bti ar iek\u0161\u0113jo optimiz\u0101ciju, tiks prezent\u0113ti klientam nov\u0113rt\u0113\u0161anai un t\u0101l\u0101kam lietojumam.<\/li>\n<li><strong>Satura optimiz\u0101cijas<\/strong> risin\u0101jumi tiek r\u016bp\u012bgi izv\u0113l\u0113ti saska\u0146\u0101 ar m\u016bsu un starptautisko pieredzi. Lai veiktu SEO, m\u0113s izmantojam tikai leg\u0101las tehnolo\u0123ijas. Tom\u0113r ar iek\u0161\u0113jo SEO var nepietikt, t\u0101d\u0113\u013c, lai optimiz\u0101cija b\u016btu v\u0113l efekt\u012bv\u0101ka, m\u0113s saviem klientiem pied\u0101v\u0101jam ar\u012b \u0101r\u0113jo SEO.<\/li>\n<\/ul>\n<p>&nbsp;<\/p>\n","protected":false},"excerpt":{"rendered":"<p>SEO iesp\u0113ju anal\u012bze Iek\u0161\u0113jais SEO \u0100r\u0113jais SEO SEO cenas SEM pakalpojumi &nbsp; Mekl\u0113t\u0101jprogramm\u0101m ir noteiktas pras\u012bbas attiec\u012bb\u0101 uz t\u012bmek\u013ca vietn\u0113m, lai ieg\u016btu augst\u0101kus reitingus, kad ir iesaist\u012bts SEO. \u0160ie faktori visu laiku main\u0101s, t\u0101d\u0113\u013c ir svar\u012bgi sekot l\u012bdzi \u0161\u012bm pras\u012bb\u0101m. M\u016bsu SEO speci\u0101listi past\u0101v\u012bgi nov\u0113ro vismaz 40 da\u017e\u0101dus inform\u0101cijas port\u0101lus attiec\u012bb\u0101 uz \u0161o probl\u0113mu, t\u0101d\u0113\u013c [&hellip;]<\/p>\n<div class=\"placiaukategorijos\"><a href=\"https:\/\/internet-solutions.net\/lv\/reklama-interneta\/internal-seo\/\">Pla\u010diau...<\/a><\/div>","protected":false},"author":1,"featured_media":0,"parent":59,"menu_order":0,"comment_status":"open","ping_status":"open","template":"","meta":{"_acf_changed":false,"footnotes":""},"tags":[2461],"class_list":["post-686","page","type-page","status-publish","hentry","tag-ieksejais-seo"],"acf":[],"_links":{"self":[{"href":"https:\/\/internet-solutions.net\/lv\/wp-json\/wp\/v2\/pages\/686","targetHints":{"allow":["GET"]}}],"collection":[{"href":"https:\/\/internet-solutions.net\/lv\/wp-json\/wp\/v2\/pages"}],"about":[{"href":"https:\/\/internet-solutions.net\/lv\/wp-json\/wp\/v2\/types\/page"}],"author":[{"embeddable":true,"href":"https:\/\/internet-solutions.net\/lv\/wp-json\/wp\/v2\/users\/1"}],"replies":[{"embeddable":true,"href":"https:\/\/internet-solutions.net\/lv\/wp-json\/wp\/v2\/comments?post=686"}],"version-history":[{"count":9,"href":"https:\/\/internet-solutions.net\/lv\/wp-json\/wp\/v2\/pages\/686\/revisions"}],"predecessor-version":[{"id":1024,"href":"https:\/\/internet-solutions.net\/lv\/wp-json\/wp\/v2\/pages\/686\/revisions\/1024"}],"up":[{"embeddable":true,"href":"https:\/\/internet-solutions.net\/lv\/wp-json\/wp\/v2\/pages\/59"}],"wp:attachment":[{"href":"https:\/\/internet-solutions.net\/lv\/wp-json\/wp\/v2\/media?parent=686"}],"wp:term":[{"taxonomy":"post_tag","embeddable":true,"href":"https:\/\/internet-solutions.net\/lv\/wp-json\/wp\/v2\/tags?post=686"}],"curies":[{"name":"wp","href":"https:\/\/api.w.org\/{rel}","templated":true}]}}