{"id":15,"date":"2013-05-02T19:24:19","date_gmt":"2013-05-02T19:24:19","guid":{"rendered":"http:\/\/\u0438\u043d\u0442\u0435\u0440\u043d\u0435\u0442\u0441\u043e\u043b\u0443\u0442\u0438\u043e\u043d\u0441.\u0440\u0444\/?page_id=15"},"modified":"2016-09-07T09:08:09","modified_gmt":"2016-09-07T09:08:09","slug":"%d0%ba%d0%be%d0%bd%d1%82%d0%b0%d0%ba%d1%82%d1%8b","status":"publish","type":"page","link":"https:\/\/internet-solutions.net\/ru\/%d0%ba%d0%be%d0%bd%d1%82%d0%b0%d0%ba%d1%82%d1%8b\/","title":{"rendered":"\u041a\u043e\u043d\u0442\u0430\u043a\u0442\u044b"},"content":{"rendered":"<div>\n<h4><a href=\"http:\/\/www.\u0438\u043d\u0442\u0435\u0440\u043d\u0435\u0442\u0441\u043e\u043b\u0443\u0442\u0438\u043e\u043d\u0441.\u0440\u0444\/\" rel=\"external\">UAB &#8222;Internet Solutions&#8221;<\/a><\/h4>\n<p>\u0420\u0435\u0433.\u0430\u0434\u0440\u0435\u0441: Tvenkini\u0173 g. 8A, \u0160aki\u0173 k.,Kauno r. sav.,<em>LT<\/em>&#8211;<em>47415,<\/em>Lietuva<br \/>\n\u0410\u0434\u0440\u0435\u0441 \u0431\u044e\u0440\u043e \u2013 \u0410\u0434\u0440\u0435\u0441 \u0434\u043b\u044f \u043a\u043e\u0440\u0440\u0435\u0441\u043f\u043e\u043d\u0434\u0435\u043d\u0446\u0438\u0438: Lyros g. 5 \u2013 57,\u0160iauliai,LT-78287,Lietuva<br \/>\n\u041a\u043e\u0434 \u043f\u0440\u0435\u0434\u043f\u0440\u0438\u044f\u0442\u0438\u044f : 302617697<br \/>\n\u041a\u043e\u0434 \u041d\u0414\u0421 (PVM): LT100006088413<\/p>\n<hr \/>\n<ul>\n<li>\u041c\u043e\u0431.\u0442\u0435\u043b. +370 610 49600, +370 614 72244<\/li>\n<li>Email:\u00a0<a href=\"mailto:info@internetsolutions.lt\" data-cke-saved-href=\"mailto:info@internetsolutions.lt\">info@internetsolutions.lt<\/a><\/li>\n<\/ul>\n<p>\u2014\u2014\u2014\u2014\u2014\u2014\u2014\u2014\u2014\u2014\u2014\u2014\u2014\u2014\u2014\u2014\u2014\u2014\u2014\u2014\u2014<iframe loading=\"lazy\" src=\"https:\/\/maps.google.lt\/maps?f=q&amp;source=s_q&amp;hl=lt&amp;geocode=&amp;q=5+Lyros+gatv%C4%97,+%C5%A0iauliai,+%C5%A0iauli%C5%B3+apskritis&amp;aq=0&amp;oq=lyros5&amp;sll=55.1736,23.883296&amp;sspn=5.674483,13.392334&amp;ie=UTF8&amp;hq=&amp;hnear=Lyros+gatv%C4%97+5,+%C5%A0iauliai,+%C5%A0iauli%C5%B3+miesto+savivaldyb%C4%97+78287&amp;t=m&amp;z=14&amp;ll=55.913638,23.255623&amp;output=embed\" width=\"425\" height=\"350\" frameborder=\"0\" marginwidth=\"0\" marginheight=\"0\" scrolling=\"no\"><\/iframe><\/p>\n<p>[si-contact-form form=&#8217;1&#8242;]<\/p>\n<\/div>\n","protected":false},"excerpt":{"rendered":"<p>UAB &#8222;Internet Solutions&#8221; \u0420\u0435\u0433.\u0430\u0434\u0440\u0435\u0441: Tvenkini\u0173 g. 8A, \u0160aki\u0173 k.,Kauno r. sav.,LT&#8211;47415,Lietuva \u0410\u0434\u0440\u0435\u0441 \u0431\u044e\u0440\u043e \u2013 \u0410\u0434\u0440\u0435\u0441 \u0434\u043b\u044f \u043a\u043e\u0440\u0440\u0435\u0441\u043f\u043e\u043d\u0434\u0435\u043d\u0446\u0438\u0438: Lyros g. 5 \u2013 57,\u0160iauliai,LT-78287,Lietuva \u041a\u043e\u0434 \u043f\u0440\u0435\u0434\u043f\u0440\u0438\u044f\u0442\u0438\u044f : 302617697 \u041a\u043e\u0434 \u041d\u0414\u0421 (PVM): LT100006088413 \u041c\u043e\u0431.\u0442\u0435\u043b. +370 610 49600, +370 614 72244 Email:\u00a0info@internetsolutions.lt \u2014\u2014\u2014\u2014\u2014\u2014\u2014\u2014\u2014\u2014\u2014\u2014\u2014\u2014\u2014\u2014\u2014\u2014\u2014\u2014\u2014 [si-contact-form form=&#8217;1&#8242;]<\/p>\n<div class=\"placiaukategorijos\"><a href=\"https:\/\/internet-solutions.net\/ru\/%d0%ba%d0%be%d0%bd%d1%82%d0%b0%d0%ba%d1%82%d1%8b\/\">Pla\u010diau...<\/a><\/div>","protected":false},"author":1,"featured_media":0,"parent":0,"menu_order":0,"comment_status":"open","ping_status":"open","template":"","meta":{"_acf_changed":false,"footnotes":""},"class_list":["post-15","page","type-page","status-publish","hentry"],"acf":[],"aioseo_notices":[],"_links":{"self":[{"href":"https:\/\/internet-solutions.net\/ru\/wp-json\/wp\/v2\/pages\/15","targetHints":{"allow":["GET"]}}],"collection":[{"href":"https:\/\/internet-solutions.net\/ru\/wp-json\/wp\/v2\/pages"}],"about":[{"href":"https:\/\/internet-solutions.net\/ru\/wp-json\/wp\/v2\/types\/page"}],"author":[{"embeddable":true,"href":"https:\/\/internet-solutions.net\/ru\/wp-json\/wp\/v2\/users\/1"}],"replies":[{"embeddable":true,"href":"https:\/\/internet-solutions.net\/ru\/wp-json\/wp\/v2\/comments?post=15"}],"version-history":[{"count":28,"href":"https:\/\/internet-solutions.net\/ru\/wp-json\/wp\/v2\/pages\/15\/revisions"}],"predecessor-version":[{"id":1736,"href":"https:\/\/internet-solutions.net\/ru\/wp-json\/wp\/v2\/pages\/15\/revisions\/1736"}],"wp:attachment":[{"href":"https:\/\/internet-solutions.net\/ru\/wp-json\/wp\/v2\/media?parent=15"}],"curies":[{"name":"wp","href":"https:\/\/api.w.org\/{rel}","templated":true}]}}